{"id":358,"date":"2025-08-09T12:58:04","date_gmt":"2025-08-09T10:58:04","guid":{"rendered":"https:\/\/virtuaze.com\/us\/product\/meta-quest-3-elite-strap-with-battery\/"},"modified":"2025-08-09T13:02:04","modified_gmt":"2025-08-09T11:02:04","slug":"meta-quest-3-elite-strap-with-battery","status":"publish","type":"product","link":"https:\/\/virtuaze.com\/us\/product\/meta-quest-3-elite-strap-with-battery\/","title":{"rendered":"Meta Quest 3 Elite Strap with Battery"},"content":{"rendered":"<p>Le Meta Quest 3 Elite Strap with Battery int\u00e8gre un pack batterie \u00e0 l\u2019arri\u00e8re qui ajoute jusqu\u2019\u00e0 2\u202fheures d\u2019autonomie \u00e0 votre casque, tout en r\u00e9duisant la pression sur le visage gr\u00e2ce \u00e0 une r\u00e9partition \u00e9quilibr\u00e9e du poids. Le r\u00e9glage rapide par molette et le support en silicone souple garantissent un maintien pr\u00e9cis et confortable pour des sessions prolong\u00e9es. Compatible avec les accessoires officiels (dock de charge, \u00e9tui de transport), il constitue une solution ergonomique premium sign\u00e9e Meta.<\/p>\n","protected":false},"excerpt":{"rendered":"<p>Strap ergonomique ajustable pour Meta Quest\u202f3\/3S, avec batterie int\u00e9gr\u00e9e offrant jusqu\u2019\u00e0 2\u202fheures de jeu suppl\u00e9mentaires.<\/p>\n","protected":false},"featured_media":359,"comment_status":"closed","ping_status":"closed","template":"","meta":[],"product_brand":[],"product_cat":[23],"product_tag":[],"class_list":{"0":"post-358","1":"product","2":"type-product","3":"status-publish","4":"has-post-thumbnail","6":"product_cat-vr-accessories","8":"first","9":"instock","10":"shipping-taxable","11":"product-type-external"},"yoast_head":"<!-- This site is optimized with the Yoast SEO plugin v25.7 - https:\/\/yoast.com\/wordpress\/plugins\/seo\/ -->\n<title>Meta Quest 3 Elite Strap with Battery - Virtuaze US<\/title>\n<meta name=\"description\" content=\"Elite Strap officiel pour Meta Quest 3\/3S : plus de confort et jusqu\u2019\u00e0 2 h d\u2019autonomie en plus, avec un r\u00e9glage rapide et compatibilit\u00e9 dock de charge.\" \/>\n<meta name=\"robots\" content=\"index, follow, max-snippet:-1, max-image-preview:large, max-video-preview:-1\" \/>\n<link rel=\"canonical\" href=\"https:\/\/virtuaze.com\/us\/product\/meta-quest-3-elite-strap-with-battery\/\" \/>\n<meta property=\"og:locale\" content=\"en_US\" \/>\n<meta property=\"og:type\" content=\"article\" \/>\n<meta property=\"og:title\" content=\"Meta Quest 3 Elite Strap with Battery - Virtuaze US\" \/>\n<meta property=\"og:description\" content=\"Elite Strap officiel pour Meta Quest 3\/3S : plus de confort et jusqu\u2019\u00e0 2 h d\u2019autonomie en plus, avec un r\u00e9glage rapide et compatibilit\u00e9 dock de charge.\" \/>\n<meta property=\"og:url\" content=\"https:\/\/virtuaze.com\/us\/product\/meta-quest-3-elite-strap-with-battery\/\" \/>\n<meta property=\"og:site_name\" content=\"Virtuaze US\" \/>\n<meta property=\"article:modified_time\" content=\"2025-08-09T11:02:04+00:00\" \/>\n<meta property=\"og:image\" content=\"https:\/\/virtuaze.com\/us\/wp-content\/uploads\/sites\/2\/2025\/08\/51C5SinN-L._SL1500_.jpg\" \/>\n\t<meta property=\"og:image:width\" content=\"1500\" \/>\n\t<meta property=\"og:image:height\" content=\"1500\" \/>\n\t<meta property=\"og:image:type\" content=\"image\/jpeg\" \/>\n<meta name=\"twitter:card\" content=\"summary_large_image\" \/>\n<meta name=\"twitter:label1\" content=\"Est. reading time\" \/>\n\t<meta name=\"twitter:data1\" content=\"1 minute\" \/>\n<script type=\"application\/ld+json\" class=\"yoast-schema-graph\">{\"@context\":\"https:\/\/schema.org\",\"@graph\":[{\"@type\":\"WebPage\",\"@id\":\"https:\/\/virtuaze.com\/us\/product\/meta-quest-3-elite-strap-with-battery\/\",\"url\":\"https:\/\/virtuaze.com\/us\/product\/meta-quest-3-elite-strap-with-battery\/\",\"name\":\"Meta Quest 3 Elite Strap with Battery - Virtuaze US\",\"isPartOf\":{\"@id\":\"https:\/\/virtuaze.com\/us\/#website\"},\"primaryImageOfPage\":{\"@id\":\"https:\/\/virtuaze.com\/us\/product\/meta-quest-3-elite-strap-with-battery\/#primaryimage\"},\"image\":{\"@id\":\"https:\/\/virtuaze.com\/us\/product\/meta-quest-3-elite-strap-with-battery\/#primaryimage\"},\"thumbnailUrl\":\"https:\/\/virtuaze.com\/us\/wp-content\/uploads\/sites\/2\/2025\/08\/51C5SinN-L._SL1500_.jpg\",\"datePublished\":\"2025-08-09T10:58:04+00:00\",\"dateModified\":\"2025-08-09T11:02:04+00:00\",\"description\":\"Elite Strap officiel pour Meta Quest 3\/3S : plus de confort et jusqu\u2019\u00e0 2 h d\u2019autonomie en plus, avec un r\u00e9glage rapide et compatibilit\u00e9 dock de charge.\",\"breadcrumb\":{\"@id\":\"https:\/\/virtuaze.com\/us\/product\/meta-quest-3-elite-strap-with-battery\/#breadcrumb\"},\"inLanguage\":\"en-US\",\"potentialAction\":[{\"@type\":\"ReadAction\",\"target\":[\"https:\/\/virtuaze.com\/us\/product\/meta-quest-3-elite-strap-with-battery\/\"]}]},{\"@type\":\"ImageObject\",\"inLanguage\":\"en-US\",\"@id\":\"https:\/\/virtuaze.com\/us\/product\/meta-quest-3-elite-strap-with-battery\/#primaryimage\",\"url\":\"https:\/\/virtuaze.com\/us\/wp-content\/uploads\/sites\/2\/2025\/08\/51C5SinN-L._SL1500_.jpg\",\"contentUrl\":\"https:\/\/virtuaze.com\/us\/wp-content\/uploads\/sites\/2\/2025\/08\/51C5SinN-L._SL1500_.jpg\",\"width\":1500,\"height\":1500,\"caption\":\"Meta Quest 3 Elite Strap with Battery\"},{\"@type\":\"BreadcrumbList\",\"@id\":\"https:\/\/virtuaze.com\/us\/product\/meta-quest-3-elite-strap-with-battery\/#breadcrumb\",\"itemListElement\":[{\"@type\":\"ListItem\",\"position\":1,\"name\":\"Accueil\",\"item\":\"https:\/\/virtuaze.com\/us\/\"},{\"@type\":\"ListItem\",\"position\":2,\"name\":\"Products\",\"item\":\"https:\/\/virtuaze.com\/us\/shop\/\"},{\"@type\":\"ListItem\",\"position\":3,\"name\":\"Meta Quest 3 Elite Strap with Battery\"}]},{\"@type\":\"WebSite\",\"@id\":\"https:\/\/virtuaze.com\/us\/#website\",\"url\":\"https:\/\/virtuaze.com\/us\/\",\"name\":\"Virtuaze US\",\"description\":\"\",\"publisher\":{\"@id\":\"https:\/\/virtuaze.com\/us\/#organization\"},\"potentialAction\":[{\"@type\":\"SearchAction\",\"target\":{\"@type\":\"EntryPoint\",\"urlTemplate\":\"https:\/\/virtuaze.com\/us\/?s={search_term_string}\"},\"query-input\":{\"@type\":\"PropertyValueSpecification\",\"valueRequired\":true,\"valueName\":\"search_term_string\"}}],\"inLanguage\":\"en-US\"},{\"@type\":\"Organization\",\"@id\":\"https:\/\/virtuaze.com\/us\/#organization\",\"name\":\"Virtuaze US\",\"url\":\"https:\/\/virtuaze.com\/us\/\",\"logo\":{\"@type\":\"ImageObject\",\"inLanguage\":\"en-US\",\"@id\":\"https:\/\/virtuaze.com\/us\/#\/schema\/logo\/image\/\",\"url\":\"https:\/\/virtuaze.com\/us\/wp-content\/uploads\/sites\/2\/2025\/08\/cropped-logo-virtuaze-v.png\",\"contentUrl\":\"https:\/\/virtuaze.com\/us\/wp-content\/uploads\/sites\/2\/2025\/08\/cropped-logo-virtuaze-v.png\",\"width\":528,\"height\":521,\"caption\":\"Virtuaze US\"},\"image\":{\"@id\":\"https:\/\/virtuaze.com\/us\/#\/schema\/logo\/image\/\"}}]}<\/script>\n<!-- \/ Yoast SEO plugin. -->","yoast_head_json":{"title":"Meta Quest 3 Elite Strap with Battery - Virtuaze US","description":"Elite Strap officiel pour Meta Quest 3\/3S : plus de confort et jusqu\u2019\u00e0 2 h d\u2019autonomie en plus, avec un r\u00e9glage rapide et compatibilit\u00e9 dock de charge.","robots":{"index":"index","follow":"follow","max-snippet":"max-snippet:-1","max-image-preview":"max-image-preview:large","max-video-preview":"max-video-preview:-1"},"canonical":"https:\/\/virtuaze.com\/us\/product\/meta-quest-3-elite-strap-with-battery\/","og_locale":"en_US","og_type":"article","og_title":"Meta Quest 3 Elite Strap with Battery - Virtuaze US","og_description":"Elite Strap officiel pour Meta Quest 3\/3S : plus de confort et jusqu\u2019\u00e0 2 h d\u2019autonomie en plus, avec un r\u00e9glage rapide et compatibilit\u00e9 dock de charge.","og_url":"https:\/\/virtuaze.com\/us\/product\/meta-quest-3-elite-strap-with-battery\/","og_site_name":"Virtuaze US","article_modified_time":"2025-08-09T11:02:04+00:00","og_image":[{"width":1500,"height":1500,"url":"https:\/\/virtuaze.com\/us\/wp-content\/uploads\/sites\/2\/2025\/08\/51C5SinN-L._SL1500_.jpg","type":"image\/jpeg"}],"twitter_card":"summary_large_image","twitter_misc":{"Est. reading time":"1 minute"},"schema":{"@context":"https:\/\/schema.org","@graph":[{"@type":"WebPage","@id":"https:\/\/virtuaze.com\/us\/product\/meta-quest-3-elite-strap-with-battery\/","url":"https:\/\/virtuaze.com\/us\/product\/meta-quest-3-elite-strap-with-battery\/","name":"Meta Quest 3 Elite Strap with Battery - Virtuaze US","isPartOf":{"@id":"https:\/\/virtuaze.com\/us\/#website"},"primaryImageOfPage":{"@id":"https:\/\/virtuaze.com\/us\/product\/meta-quest-3-elite-strap-with-battery\/#primaryimage"},"image":{"@id":"https:\/\/virtuaze.com\/us\/product\/meta-quest-3-elite-strap-with-battery\/#primaryimage"},"thumbnailUrl":"https:\/\/virtuaze.com\/us\/wp-content\/uploads\/sites\/2\/2025\/08\/51C5SinN-L._SL1500_.jpg","datePublished":"2025-08-09T10:58:04+00:00","dateModified":"2025-08-09T11:02:04+00:00","description":"Elite Strap officiel pour Meta Quest 3\/3S : plus de confort et jusqu\u2019\u00e0 2 h d\u2019autonomie en plus, avec un r\u00e9glage rapide et compatibilit\u00e9 dock de charge.","breadcrumb":{"@id":"https:\/\/virtuaze.com\/us\/product\/meta-quest-3-elite-strap-with-battery\/#breadcrumb"},"inLanguage":"en-US","potentialAction":[{"@type":"ReadAction","target":["https:\/\/virtuaze.com\/us\/product\/meta-quest-3-elite-strap-with-battery\/"]}]},{"@type":"ImageObject","inLanguage":"en-US","@id":"https:\/\/virtuaze.com\/us\/product\/meta-quest-3-elite-strap-with-battery\/#primaryimage","url":"https:\/\/virtuaze.com\/us\/wp-content\/uploads\/sites\/2\/2025\/08\/51C5SinN-L._SL1500_.jpg","contentUrl":"https:\/\/virtuaze.com\/us\/wp-content\/uploads\/sites\/2\/2025\/08\/51C5SinN-L._SL1500_.jpg","width":1500,"height":1500,"caption":"Meta Quest 3 Elite Strap with Battery"},{"@type":"BreadcrumbList","@id":"https:\/\/virtuaze.com\/us\/product\/meta-quest-3-elite-strap-with-battery\/#breadcrumb","itemListElement":[{"@type":"ListItem","position":1,"name":"Accueil","item":"https:\/\/virtuaze.com\/us\/"},{"@type":"ListItem","position":2,"name":"Products","item":"https:\/\/virtuaze.com\/us\/shop\/"},{"@type":"ListItem","position":3,"name":"Meta Quest 3 Elite Strap with Battery"}]},{"@type":"WebSite","@id":"https:\/\/virtuaze.com\/us\/#website","url":"https:\/\/virtuaze.com\/us\/","name":"Virtuaze US","description":"","publisher":{"@id":"https:\/\/virtuaze.com\/us\/#organization"},"potentialAction":[{"@type":"SearchAction","target":{"@type":"EntryPoint","urlTemplate":"https:\/\/virtuaze.com\/us\/?s={search_term_string}"},"query-input":{"@type":"PropertyValueSpecification","valueRequired":true,"valueName":"search_term_string"}}],"inLanguage":"en-US"},{"@type":"Organization","@id":"https:\/\/virtuaze.com\/us\/#organization","name":"Virtuaze US","url":"https:\/\/virtuaze.com\/us\/","logo":{"@type":"ImageObject","inLanguage":"en-US","@id":"https:\/\/virtuaze.com\/us\/#\/schema\/logo\/image\/","url":"https:\/\/virtuaze.com\/us\/wp-content\/uploads\/sites\/2\/2025\/08\/cropped-logo-virtuaze-v.png","contentUrl":"https:\/\/virtuaze.com\/us\/wp-content\/uploads\/sites\/2\/2025\/08\/cropped-logo-virtuaze-v.png","width":528,"height":521,"caption":"Virtuaze US"},"image":{"@id":"https:\/\/virtuaze.com\/us\/#\/schema\/logo\/image\/"}}]}},"_links":{"self":[{"href":"https:\/\/virtuaze.com\/us\/wp-json\/wp\/v2\/product\/358","targetHints":{"allow":["GET"]}}],"collection":[{"href":"https:\/\/virtuaze.com\/us\/wp-json\/wp\/v2\/product"}],"about":[{"href":"https:\/\/virtuaze.com\/us\/wp-json\/wp\/v2\/types\/product"}],"replies":[{"embeddable":true,"href":"https:\/\/virtuaze.com\/us\/wp-json\/wp\/v2\/comments?post=358"}],"wp:featuredmedia":[{"embeddable":true,"href":"https:\/\/virtuaze.com\/us\/wp-json\/wp\/v2\/media\/359"}],"wp:attachment":[{"href":"https:\/\/virtuaze.com\/us\/wp-json\/wp\/v2\/media?parent=358"}],"wp:term":[{"taxonomy":"product_brand","embeddable":true,"href":"https:\/\/virtuaze.com\/us\/wp-json\/wp\/v2\/product_brand?post=358"},{"taxonomy":"product_cat","embeddable":true,"href":"https:\/\/virtuaze.com\/us\/wp-json\/wp\/v2\/product_cat?post=358"},{"taxonomy":"product_tag","embeddable":true,"href":"https:\/\/virtuaze.com\/us\/wp-json\/wp\/v2\/product_tag?post=358"}],"curies":[{"name":"wp","href":"https:\/\/api.w.org\/{rel}","templated":true}]}}