{"id":122,"date":"2025-08-06T09:20:15","date_gmt":"2025-08-06T07:20:15","guid":{"rendered":"https:\/\/virtuaze.com\/us\/?page_id=122"},"modified":"2025-08-06T12:43:07","modified_gmt":"2025-08-06T10:43:07","slug":"legal-notice","status":"publish","type":"page","link":"https:\/\/virtuaze.com\/us\/legal-notice\/","title":{"rendered":"Legal Notice"},"content":{"rendered":"\t\t<div data-elementor-type=\"wp-page\" data-elementor-id=\"122\" class=\"elementor elementor-122\" data-elementor-post-type=\"page\">\n\t\t\t\t\t\t<section class=\"elementor-section elementor-top-section elementor-element elementor-element-4998378f elementor-section-boxed elementor-section-height-default elementor-section-height-default\" data-id=\"4998378f\" data-element_type=\"section\" data-e-type=\"section\">\n\t\t\t\t\t\t<div class=\"elementor-container elementor-column-gap-default\">\n\t\t\t\t\t<div class=\"elementor-column elementor-col-100 elementor-top-column elementor-element elementor-element-49c003f5\" data-id=\"49c003f5\" data-element_type=\"column\" data-e-type=\"column\">\n\t\t\t<div class=\"elementor-widget-wrap elementor-element-populated\">\n\t\t\t\t\t\t<div class=\"elementor-element elementor-element-4384263e elementor-widget elementor-widget-heading\" data-id=\"4384263e\" data-element_type=\"widget\" data-e-type=\"widget\" data-widget_type=\"heading.default\">\n\t\t\t\t\t<h1 class=\"elementor-heading-title elementor-size-default\">Legal Notice<\/h1>\t\t\t\t<\/div>\n\t\t\t\t\t<\/div>\n\t\t<\/div>\n\t\t\t\t\t<\/div>\n\t\t<\/section>\n\t\t\t\t<section class=\"elementor-section elementor-top-section elementor-element elementor-element-2bb5d3ad elementor-section-boxed elementor-section-height-default elementor-section-height-default\" data-id=\"2bb5d3ad\" data-element_type=\"section\" data-e-type=\"section\">\n\t\t\t\t\t\t<div class=\"elementor-container elementor-column-gap-default\">\n\t\t\t\t\t<div class=\"elementor-column elementor-col-100 elementor-top-column elementor-element elementor-element-112756cf\" data-id=\"112756cf\" data-element_type=\"column\" data-e-type=\"column\">\n\t\t\t<div class=\"elementor-widget-wrap elementor-element-populated\">\n\t\t\t\t\t\t<div class=\"elementor-element elementor-element-6767ba4e elementor-widget elementor-widget-text-editor\" data-id=\"6767ba4e\" data-element_type=\"widget\" data-e-type=\"widget\" data-widget_type=\"text-editor.default\">\n\t\t\t\t\t\t\t\t\t<p data-start=\"285\" data-end=\"374\">This website, <a class=\"\" href=\"https:\/\/virtuaze.com\" target=\"_new\" rel=\"noopener\" data-start=\"320\" data-end=\"356\">Virtuaze.com<\/a>, is published by:<\/p><p data-start=\"376\" data-end=\"491\"><strong data-start=\"376\" data-end=\"396\">Christophe Verez<\/strong><br data-start=\"396\" data-end=\"399\" \/>Registered in France<br data-start=\"461\" data-end=\"464\" \/>Email: <a class=\"cursor-pointer\" href=\"mailto:contact@virtuaze.com\" rel=\"noopener\" data-start=\"471\" data-end=\"491\">contact@virtuaze.com<\/a><\/p><p data-start=\"493\" data-end=\"534\"><strong data-start=\"493\" data-end=\"516\">Publishing Director<\/strong>: Christophe Verez<\/p><p data-start=\"493\" data-end=\"534\">\u00a0<\/p><p data-start=\"282\" data-end=\"450\"><strong data-start=\"541\" data-end=\"561\">Hosting Provider<\/strong><br data-start=\"561\" data-end=\"564\" \/>The site is hosted by:<br data-start=\"586\" data-end=\"589\" \/><strong data-start=\"589\" data-end=\"600\">OVH SAS<\/strong><br data-start=\"600\" data-end=\"603\" \/>2 rue Kellermann, 59100 Roubaix, France<br data-start=\"642\" data-end=\"645\" \/>Tel: +33 9 72 10 10 07<br data-start=\"667\" data-end=\"670\" \/>Website: <a class=\"cursor-pointer\" href=\"https:\/\/www.ovhcloud.com\" target=\"_new\" rel=\"noopener\" data-start=\"679\" data-end=\"731\">https:\/\/www.ovhcloud.com<\/a><\/p>\t\t\t\t\t\t\t\t<\/div>\n\t\t\t\t\t<\/div>\n\t\t<\/div>\n\t\t\t\t\t<\/div>\n\t\t<\/section>\n\t\t\t\t<section class=\"elementor-section elementor-top-section elementor-element elementor-element-39a30b6e elementor-section-boxed elementor-section-height-default elementor-section-height-default\" data-id=\"39a30b6e\" data-element_type=\"section\" data-e-type=\"section\">\n\t\t\t\t\t\t<div class=\"elementor-container elementor-column-gap-default\">\n\t\t\t\t\t<div class=\"elementor-column elementor-col-100 elementor-top-column elementor-element elementor-element-d88d38a\" data-id=\"d88d38a\" data-element_type=\"column\" data-e-type=\"column\">\n\t\t\t<div class=\"elementor-widget-wrap elementor-element-populated\">\n\t\t\t\t\t\t<div class=\"elementor-element elementor-element-70f52a37 elementor-widget elementor-widget-heading\" data-id=\"70f52a37\" data-element_type=\"widget\" data-e-type=\"widget\" data-widget_type=\"heading.default\">\n\t\t\t\t\t<h2 class=\"elementor-heading-title elementor-size-default\">Intellectual Property\n<\/h2>\t\t\t\t<\/div>\n\t\t\t\t\t<\/div>\n\t\t<\/div>\n\t\t\t\t\t<\/div>\n\t\t<\/section>\n\t\t\t\t<section class=\"elementor-section elementor-top-section elementor-element elementor-element-28ab21ac elementor-section-boxed elementor-section-height-default elementor-section-height-default\" data-id=\"28ab21ac\" data-element_type=\"section\" data-e-type=\"section\">\n\t\t\t\t\t\t<div class=\"elementor-container elementor-column-gap-default\">\n\t\t\t\t\t<div class=\"elementor-column elementor-col-100 elementor-top-column elementor-element elementor-element-443cd428\" data-id=\"443cd428\" data-element_type=\"column\" data-e-type=\"column\">\n\t\t\t<div class=\"elementor-widget-wrap elementor-element-populated\">\n\t\t\t\t\t\t<div class=\"elementor-element elementor-element-4e733ea6 elementor-widget elementor-widget-text-editor\" data-id=\"4e733ea6\" data-element_type=\"widget\" data-e-type=\"widget\" data-widget_type=\"text-editor.default\">\n\t\t\t\t\t\t\t\t\t<p>All content on this site (texts, images, logos, graphics, etc.) is the exclusive property of the site editor, unless otherwise stated. Any unauthorized reproduction or distribution of any part of this site is strictly prohibited.<\/p>\t\t\t\t\t\t\t\t<\/div>\n\t\t\t\t\t<\/div>\n\t\t<\/div>\n\t\t\t\t\t<\/div>\n\t\t<\/section>\n\t\t\t\t<section class=\"elementor-section elementor-top-section elementor-element elementor-element-5471e5fc elementor-section-boxed elementor-section-height-default elementor-section-height-default\" data-id=\"5471e5fc\" data-element_type=\"section\" data-e-type=\"section\">\n\t\t\t\t\t\t<div class=\"elementor-container elementor-column-gap-default\">\n\t\t\t\t\t<div class=\"elementor-column elementor-col-100 elementor-top-column elementor-element elementor-element-5b3c7f5\" data-id=\"5b3c7f5\" data-element_type=\"column\" data-e-type=\"column\">\n\t\t\t<div class=\"elementor-widget-wrap elementor-element-populated\">\n\t\t\t\t\t\t<div class=\"elementor-element elementor-element-1d2b900b elementor-widget elementor-widget-heading\" data-id=\"1d2b900b\" data-element_type=\"widget\" data-e-type=\"widget\" data-widget_type=\"heading.default\">\n\t\t\t\t\t<h2 class=\"elementor-heading-title elementor-size-default\">Affiliate Disclosure<\/h2>\t\t\t\t<\/div>\n\t\t\t\t\t<\/div>\n\t\t<\/div>\n\t\t\t\t\t<\/div>\n\t\t<\/section>\n\t\t\t\t<section class=\"elementor-section elementor-top-section elementor-element elementor-element-d7c3653 elementor-section-boxed elementor-section-height-default elementor-section-height-default\" data-id=\"d7c3653\" data-element_type=\"section\" data-e-type=\"section\">\n\t\t\t\t\t\t<div class=\"elementor-container elementor-column-gap-default\">\n\t\t\t\t\t<div class=\"elementor-column elementor-col-100 elementor-top-column elementor-element elementor-element-28723a68\" data-id=\"28723a68\" data-element_type=\"column\" data-e-type=\"column\">\n\t\t\t<div class=\"elementor-widget-wrap elementor-element-populated\">\n\t\t\t\t\t\t<div class=\"elementor-element elementor-element-23755100 elementor-widget elementor-widget-text-editor\" data-id=\"23755100\" data-element_type=\"widget\" data-e-type=\"widget\" data-widget_type=\"text-editor.default\">\n\t\t\t\t\t\t\t\t\t<p>Virtuaze.com participe au Programme Partenaires d\u2019Amazon EU, un programme d\u2019affiliation con\u00e7u pour permettre \u00e0 des sites de percevoir une r\u00e9mun\u00e9ration gr\u00e2ce \u00e0 la publicit\u00e9 et aux liens vers <a class=\"\" href=\"https:\/\/www.amazon.fr\" target=\"_new\" rel=\"noopener\" data-start=\"932\" data-end=\"966\">Amazon.fr<\/a>.<br data-start=\"967\" data-end=\"970\" \/>En tant que Partenaire Amazon, je r\u00e9alise un b\u00e9n\u00e9fice sur les achats remplissant les conditions requises.<\/p>\t\t\t\t\t\t\t\t<\/div>\n\t\t\t\t\t<\/div>\n\t\t<\/div>\n\t\t\t\t\t<\/div>\n\t\t<\/section>\n\t\t\t\t<section class=\"elementor-section elementor-top-section elementor-element elementor-element-578fdc8d elementor-section-boxed elementor-section-height-default elementor-section-height-default\" data-id=\"578fdc8d\" data-element_type=\"section\" data-e-type=\"section\">\n\t\t\t\t\t\t<div class=\"elementor-container elementor-column-gap-default\">\n\t\t\t\t\t<div class=\"elementor-column elementor-col-100 elementor-top-column elementor-element elementor-element-1c921691\" data-id=\"1c921691\" data-element_type=\"column\" data-e-type=\"column\">\n\t\t\t<div class=\"elementor-widget-wrap elementor-element-populated\">\n\t\t\t\t\t\t<div class=\"elementor-element elementor-element-6f1af1c0 elementor-widget elementor-widget-heading\" data-id=\"6f1af1c0\" data-element_type=\"widget\" data-e-type=\"widget\" data-widget_type=\"heading.default\">\n\t\t\t\t\t<h2 class=\"elementor-heading-title elementor-size-default\">Liability Disclaimer<\/h2>\t\t\t\t<\/div>\n\t\t\t\t\t<\/div>\n\t\t<\/div>\n\t\t\t\t\t<\/div>\n\t\t<\/section>\n\t\t\t\t<section class=\"elementor-section elementor-top-section elementor-element elementor-element-165d0d0c elementor-section-boxed elementor-section-height-default elementor-section-height-default\" data-id=\"165d0d0c\" data-element_type=\"section\" data-e-type=\"section\">\n\t\t\t\t\t\t<div class=\"elementor-container elementor-column-gap-default\">\n\t\t\t\t\t<div class=\"elementor-column elementor-col-100 elementor-top-column elementor-element elementor-element-6266553a\" data-id=\"6266553a\" data-element_type=\"column\" data-e-type=\"column\">\n\t\t\t<div class=\"elementor-widget-wrap elementor-element-populated\">\n\t\t\t\t\t\t<div class=\"elementor-element elementor-element-72cff87c elementor-widget elementor-widget-text-editor\" data-id=\"72cff87c\" data-element_type=\"widget\" data-e-type=\"widget\" data-widget_type=\"text-editor.default\">\n\t\t\t\t\t\t\t\t\t<p>The website editor makes every effort to provide accurate and up-to-date information. However, we cannot guarantee the accuracy, completeness, or timeliness of the information provided. The editor shall not be held responsible for any damages resulting from the use of this website.<\/p>\t\t\t\t\t\t\t\t<\/div>\n\t\t\t\t\t<\/div>\n\t\t<\/div>\n\t\t\t\t\t<\/div>\n\t\t<\/section>\n\t\t\t\t<section class=\"elementor-section elementor-top-section elementor-element elementor-element-511f7e1e elementor-section-boxed elementor-section-height-default elementor-section-height-default\" data-id=\"511f7e1e\" data-element_type=\"section\" data-e-type=\"section\">\n\t\t\t\t\t\t<div class=\"elementor-container elementor-column-gap-default\">\n\t\t\t\t\t<div class=\"elementor-column elementor-col-100 elementor-top-column elementor-element elementor-element-74c47b9\" data-id=\"74c47b9\" data-element_type=\"column\" data-e-type=\"column\">\n\t\t\t<div class=\"elementor-widget-wrap elementor-element-populated\">\n\t\t\t\t\t\t<div class=\"elementor-element elementor-element-1f3d82f4 elementor-widget elementor-widget-heading\" data-id=\"1f3d82f4\" data-element_type=\"widget\" data-e-type=\"widget\" data-widget_type=\"heading.default\">\n\t\t\t\t\t<h2 class=\"elementor-heading-title elementor-size-default\">Applicable Law<\/h2>\t\t\t\t<\/div>\n\t\t\t\t\t<\/div>\n\t\t<\/div>\n\t\t\t\t\t<\/div>\n\t\t<\/section>\n\t\t\t\t<section class=\"elementor-section elementor-top-section elementor-element elementor-element-102e6211 elementor-section-boxed elementor-section-height-default elementor-section-height-default\" data-id=\"102e6211\" data-element_type=\"section\" data-e-type=\"section\">\n\t\t\t\t\t\t<div class=\"elementor-container elementor-column-gap-default\">\n\t\t\t\t\t<div class=\"elementor-column elementor-col-100 elementor-top-column elementor-element elementor-element-4da63a0c\" data-id=\"4da63a0c\" data-element_type=\"column\" data-e-type=\"column\">\n\t\t\t<div class=\"elementor-widget-wrap elementor-element-populated\">\n\t\t\t\t\t\t<div class=\"elementor-element elementor-element-11b95ea4 elementor-widget elementor-widget-text-editor\" data-id=\"11b95ea4\" data-element_type=\"widget\" data-e-type=\"widget\" data-widget_type=\"text-editor.default\">\n\t\t\t\t\t\t\t\t\t<p>This website is governed by French law. In case of dispute, French courts shall have exclusive jurisdiction.<\/p>\t\t\t\t\t\t\t\t<\/div>\n\t\t\t\t\t<\/div>\n\t\t<\/div>\n\t\t\t\t\t<\/div>\n\t\t<\/section>\n\t\t\t\t<\/div>\n\t\t","protected":false},"excerpt":{"rendered":"<p>Legal Notice This website, Virtuaze.com, is published by: Christophe VerezRegistered in FranceEmail: contact@virtuaze.com Publishing Director: Christophe Verez \u00a0 Hosting ProviderThe site is hosted by:OVH SAS2 rue Kellermann, 59100 Roubaix, FranceTel: +33 9 72 10 10 07Website: https:\/\/www.ovhcloud.com Intellectual Property All content on this site (texts, images, logos, graphics, etc.) is the exclusive property of the [&hellip;]<\/p>\n","protected":false},"author":1,"featured_media":0,"parent":0,"menu_order":0,"comment_status":"closed","ping_status":"closed","template":"elementor_header_footer","meta":{"footnotes":""},"class_list":["post-122","page","type-page","status-publish","hentry"],"yoast_head":"<!-- This site is optimized with the Yoast SEO plugin v25.7 - https:\/\/yoast.com\/wordpress\/plugins\/seo\/ -->\n<title>Legal Notice - Virtuaze US<\/title>\n<meta name=\"description\" content=\"Lean who operates this website, ou legal disclamers, and your rights while browsing Virtuaze.\" \/>\n<meta name=\"robots\" content=\"index, follow, max-snippet:-1, max-image-preview:large, max-video-preview:-1\" \/>\n<link rel=\"canonical\" href=\"https:\/\/virtuaze.com\/us\/legal-notice\/\" \/>\n<meta property=\"og:locale\" content=\"en_US\" \/>\n<meta property=\"og:type\" content=\"article\" \/>\n<meta property=\"og:title\" content=\"Legal Notice - Virtuaze US\" \/>\n<meta property=\"og:description\" content=\"Lean who operates this website, ou legal disclamers, and your rights while browsing Virtuaze.\" \/>\n<meta property=\"og:url\" content=\"https:\/\/virtuaze.com\/us\/legal-notice\/\" \/>\n<meta property=\"og:site_name\" content=\"Virtuaze US\" \/>\n<meta property=\"article:modified_time\" content=\"2025-08-06T10:43:07+00:00\" \/>\n<meta name=\"twitter:card\" content=\"summary_large_image\" \/>\n<meta name=\"twitter:label1\" content=\"Est. reading time\" \/>\n\t<meta name=\"twitter:data1\" content=\"1 minute\" \/>\n<script type=\"application\/ld+json\" class=\"yoast-schema-graph\">{\"@context\":\"https:\/\/schema.org\",\"@graph\":[{\"@type\":\"WebPage\",\"@id\":\"https:\/\/virtuaze.com\/us\/legal-notice\/\",\"url\":\"https:\/\/virtuaze.com\/us\/legal-notice\/\",\"name\":\"Legal Notice - Virtuaze US\",\"isPartOf\":{\"@id\":\"https:\/\/virtuaze.com\/us\/#website\"},\"datePublished\":\"2025-08-06T07:20:15+00:00\",\"dateModified\":\"2025-08-06T10:43:07+00:00\",\"description\":\"Lean who operates this website, ou legal disclamers, and your rights while browsing Virtuaze.\",\"breadcrumb\":{\"@id\":\"https:\/\/virtuaze.com\/us\/legal-notice\/#breadcrumb\"},\"inLanguage\":\"en-US\",\"potentialAction\":[{\"@type\":\"ReadAction\",\"target\":[\"https:\/\/virtuaze.com\/us\/legal-notice\/\"]}]},{\"@type\":\"BreadcrumbList\",\"@id\":\"https:\/\/virtuaze.com\/us\/legal-notice\/#breadcrumb\",\"itemListElement\":[{\"@type\":\"ListItem\",\"position\":1,\"name\":\"Accueil\",\"item\":\"https:\/\/virtuaze.com\/us\/\"},{\"@type\":\"ListItem\",\"position\":2,\"name\":\"Legal Notice\"}]},{\"@type\":\"WebSite\",\"@id\":\"https:\/\/virtuaze.com\/us\/#website\",\"url\":\"https:\/\/virtuaze.com\/us\/\",\"name\":\"Virtuaze US\",\"description\":\"\",\"publisher\":{\"@id\":\"https:\/\/virtuaze.com\/us\/#organization\"},\"potentialAction\":[{\"@type\":\"SearchAction\",\"target\":{\"@type\":\"EntryPoint\",\"urlTemplate\":\"https:\/\/virtuaze.com\/us\/?s={search_term_string}\"},\"query-input\":{\"@type\":\"PropertyValueSpecification\",\"valueRequired\":true,\"valueName\":\"search_term_string\"}}],\"inLanguage\":\"en-US\"},{\"@type\":\"Organization\",\"@id\":\"https:\/\/virtuaze.com\/us\/#organization\",\"name\":\"Virtuaze US\",\"url\":\"https:\/\/virtuaze.com\/us\/\",\"logo\":{\"@type\":\"ImageObject\",\"inLanguage\":\"en-US\",\"@id\":\"https:\/\/virtuaze.com\/us\/#\/schema\/logo\/image\/\",\"url\":\"https:\/\/virtuaze.com\/us\/wp-content\/uploads\/sites\/2\/2025\/08\/cropped-logo-virtuaze-v.png\",\"contentUrl\":\"https:\/\/virtuaze.com\/us\/wp-content\/uploads\/sites\/2\/2025\/08\/cropped-logo-virtuaze-v.png\",\"width\":528,\"height\":521,\"caption\":\"Virtuaze US\"},\"image\":{\"@id\":\"https:\/\/virtuaze.com\/us\/#\/schema\/logo\/image\/\"}}]}<\/script>\n<!-- \/ Yoast SEO plugin. -->","yoast_head_json":{"title":"Legal Notice - Virtuaze US","description":"Lean who operates this website, ou legal disclamers, and your rights while browsing Virtuaze.","robots":{"index":"index","follow":"follow","max-snippet":"max-snippet:-1","max-image-preview":"max-image-preview:large","max-video-preview":"max-video-preview:-1"},"canonical":"https:\/\/virtuaze.com\/us\/legal-notice\/","og_locale":"en_US","og_type":"article","og_title":"Legal Notice - Virtuaze US","og_description":"Lean who operates this website, ou legal disclamers, and your rights while browsing Virtuaze.","og_url":"https:\/\/virtuaze.com\/us\/legal-notice\/","og_site_name":"Virtuaze US","article_modified_time":"2025-08-06T10:43:07+00:00","twitter_card":"summary_large_image","twitter_misc":{"Est. reading time":"1 minute"},"schema":{"@context":"https:\/\/schema.org","@graph":[{"@type":"WebPage","@id":"https:\/\/virtuaze.com\/us\/legal-notice\/","url":"https:\/\/virtuaze.com\/us\/legal-notice\/","name":"Legal Notice - Virtuaze US","isPartOf":{"@id":"https:\/\/virtuaze.com\/us\/#website"},"datePublished":"2025-08-06T07:20:15+00:00","dateModified":"2025-08-06T10:43:07+00:00","description":"Lean who operates this website, ou legal disclamers, and your rights while browsing Virtuaze.","breadcrumb":{"@id":"https:\/\/virtuaze.com\/us\/legal-notice\/#breadcrumb"},"inLanguage":"en-US","potentialAction":[{"@type":"ReadAction","target":["https:\/\/virtuaze.com\/us\/legal-notice\/"]}]},{"@type":"BreadcrumbList","@id":"https:\/\/virtuaze.com\/us\/legal-notice\/#breadcrumb","itemListElement":[{"@type":"ListItem","position":1,"name":"Accueil","item":"https:\/\/virtuaze.com\/us\/"},{"@type":"ListItem","position":2,"name":"Legal Notice"}]},{"@type":"WebSite","@id":"https:\/\/virtuaze.com\/us\/#website","url":"https:\/\/virtuaze.com\/us\/","name":"Virtuaze US","description":"","publisher":{"@id":"https:\/\/virtuaze.com\/us\/#organization"},"potentialAction":[{"@type":"SearchAction","target":{"@type":"EntryPoint","urlTemplate":"https:\/\/virtuaze.com\/us\/?s={search_term_string}"},"query-input":{"@type":"PropertyValueSpecification","valueRequired":true,"valueName":"search_term_string"}}],"inLanguage":"en-US"},{"@type":"Organization","@id":"https:\/\/virtuaze.com\/us\/#organization","name":"Virtuaze US","url":"https:\/\/virtuaze.com\/us\/","logo":{"@type":"ImageObject","inLanguage":"en-US","@id":"https:\/\/virtuaze.com\/us\/#\/schema\/logo\/image\/","url":"https:\/\/virtuaze.com\/us\/wp-content\/uploads\/sites\/2\/2025\/08\/cropped-logo-virtuaze-v.png","contentUrl":"https:\/\/virtuaze.com\/us\/wp-content\/uploads\/sites\/2\/2025\/08\/cropped-logo-virtuaze-v.png","width":528,"height":521,"caption":"Virtuaze US"},"image":{"@id":"https:\/\/virtuaze.com\/us\/#\/schema\/logo\/image\/"}}]}},"_links":{"self":[{"href":"https:\/\/virtuaze.com\/us\/wp-json\/wp\/v2\/pages\/122","targetHints":{"allow":["GET"]}}],"collection":[{"href":"https:\/\/virtuaze.com\/us\/wp-json\/wp\/v2\/pages"}],"about":[{"href":"https:\/\/virtuaze.com\/us\/wp-json\/wp\/v2\/types\/page"}],"author":[{"embeddable":true,"href":"https:\/\/virtuaze.com\/us\/wp-json\/wp\/v2\/users\/1"}],"replies":[{"embeddable":true,"href":"https:\/\/virtuaze.com\/us\/wp-json\/wp\/v2\/comments?post=122"}],"version-history":[{"count":7,"href":"https:\/\/virtuaze.com\/us\/wp-json\/wp\/v2\/pages\/122\/revisions"}],"predecessor-version":[{"id":129,"href":"https:\/\/virtuaze.com\/us\/wp-json\/wp\/v2\/pages\/122\/revisions\/129"}],"wp:attachment":[{"href":"https:\/\/virtuaze.com\/us\/wp-json\/wp\/v2\/media?parent=122"}],"curies":[{"name":"wp","href":"https:\/\/api.w.org\/{rel}","templated":true}]}}